{"id":34,"date":"2023-12-07T19:19:29","date_gmt":"2023-12-07T19:19:29","guid":{"rendered":"https:\/\/summit.legrandcontinent.eu\/about\/"},"modified":"2023-12-18T22:05:12","modified_gmt":"2023-12-18T22:05:12","slug":"about","status":"publish","type":"page","link":"https:\/\/summit.legrandcontinent.eu\/it\/about\/","title":{"rendered":"About"},"content":{"rendered":"","protected":false},"excerpt":{"rendered":"","protected":false},"author":2,"featured_media":106,"parent":0,"menu_order":0,"comment_status":"closed","ping_status":"closed","template":"tpl\/tpl-about.php","meta":{"_acf_changed":false,"footnotes":""},"class_list":["post-34","page","type-page","status-publish","has-post-thumbnail","hentry"],"acf":{"a_intro":"<p>Il nostro continente sta affrontando degli choc profondi, delle transizioni che accelerano. Tutto cambia: la scacchiera, le pedine, le regole del gioco. Un ordine scompare, un altro sta nascendo. Le nostre domande precedono un cambio di rotta. Ma il futuro non si potr\u00e0 pi\u00f9 improvvisare. \u00c8 per contribuire a prepararlo che inauguriamo un nuovo formato.<\/p>\n","a_text":"<p>Grazie alle nostre pubblicazioni e al loro effetto nello spazio pubblico, <a href=\"https:\/\/legrandcontinent.eu\/it\/\">il Grand Continent<\/a> ha riunito negli scorsi tre anni milioni di lettrici e lettori e migliaia di firme.<\/p>\n<p>Pur nella loro pluralit\u00e0 di approcci e orientamenti politici, convergono spesso verso una direzione comune: nell\u2019interregno, come possiamo organizzare il nostro continente?<\/p>\n<p>Per cristallizzare una grande narrazione europea, bisogna riunire degli intellettuali, degli attori chiave e delle figure emergenti che definiscano temi strategici, urgenti, potenzialmente rivoluzionari.<\/p>\n<p>Per convertire le dottrine in grandi progetti, \u00e8 necessario creare una comunit\u00e0 e una nuova generazione a una vecchia idea: l\u2019affectio societatis europaea. \u00c8 urgente riunire le idee che affiorano e i concetti che strutturano le grandi transizioni in corso.<\/p>\n<p>Per dare vita a questa comunit\u00e0 strategica europea, proponiamo un nuovo incontro annuale: il Summit Grand Continent<\/p>\n<p class=\"occhiello\">Nel cuore del massiccio del Monte Bianco, da luned\u00ec 18 a mercoled\u00ec 20 dicembre 2023, per la prima volta, riuniremo 130 personalit\u00e0 di alto livello scelte tra le migliaia di firme del Grand Continent \u2013 con una direzione: il rinnovamento<\/p>\n<p>Questa prima edizione si svolge in una valle nel cuore delle Alpi e sulla vetta del continente. I lavori iniziano il 18 dicembre in Valle d\u2019Aosta attraverso conferenze, seminari e laboratori multilingue, multiscalari e interdisciplinari. Si concludono il 20 dicembre sul Monte Bianco, a 3466 metri d\u2019altitudine \u2013 davanti alla vetta del continente.<\/p>\n<p>A sei mesi dalle elezioni europee, l\u2019Unione deve affrontare tre trasformazioni profonde \u2013 la transizione geopolitica; la transizione ecologica; la transizione digitale. Dall\u2019allargamento al suo rapporto con i Sud del mondo, dalla potenza della letteratura attraverso <a href=\"https:\/\/3466.eu\/it\/\">il Premio letterario Grand Continent<\/a> al futuro del Green Deal o dell\u2019IA, ci proponiamo di guardare dall\u2019alto i temi che strutturano le nostre vite.<\/p>\n<p>Da Siviglia a Varsavia, da Parigi a Tallin, passando per Bruxelles, Napoli e Berlino, nel paesaggio strategico e intellettuale contemporaneo, costruiamo un\u2019assise inedita per affrontare il tema dell\u2019organizzazione del continente.<\/p>\n","a_title":"About"},"yoast_head":"<!-- This site is optimized with the Yoast SEO plugin v26.4 - https:\/\/yoast.com\/wordpress\/plugins\/seo\/ -->\n<title>About - Summit Le Grand Continent<\/title>\n<meta name=\"robots\" content=\"index, follow, max-snippet:-1, max-image-preview:large, max-video-preview:-1\" \/>\n<link rel=\"canonical\" href=\"https:\/\/summit.legrandcontinent.eu\/it\/about\/\" \/>\n<meta property=\"og:locale\" content=\"it_IT\" \/>\n<meta property=\"og:type\" content=\"article\" \/>\n<meta property=\"og:title\" content=\"About - Summit Le Grand Continent\" \/>\n<meta property=\"og:url\" content=\"https:\/\/summit.legrandcontinent.eu\/it\/about\/\" \/>\n<meta property=\"og:site_name\" content=\"Summit Le Grand Continent\" \/>\n<meta property=\"article:modified_time\" content=\"2023-12-18T22:05:12+00:00\" \/>\n<meta property=\"og:image\" content=\"https:\/\/summit.legrandcontinent.eu\/wp-content\/uploads\/2023\/12\/image-sommet-1-1024x573.png\" \/>\n\t<meta property=\"og:image:width\" content=\"1024\" \/>\n\t<meta property=\"og:image:height\" content=\"573\" \/>\n\t<meta property=\"og:image:type\" content=\"image\/png\" \/>\n<meta name=\"twitter:card\" content=\"summary_large_image\" \/>\n<script type=\"application\/ld+json\" class=\"yoast-schema-graph\">{\"@context\":\"https:\/\/schema.org\",\"@graph\":[{\"@type\":\"WebPage\",\"@id\":\"https:\/\/summit.legrandcontinent.eu\/it\/about\/\",\"url\":\"https:\/\/summit.legrandcontinent.eu\/it\/about\/\",\"name\":\"About - Summit Le Grand Continent\",\"isPartOf\":{\"@id\":\"https:\/\/summit.legrandcontinent.eu\/#website\"},\"primaryImageOfPage\":{\"@id\":\"https:\/\/summit.legrandcontinent.eu\/it\/about\/#primaryimage\"},\"image\":{\"@id\":\"https:\/\/summit.legrandcontinent.eu\/it\/about\/#primaryimage\"},\"thumbnailUrl\":\"https:\/\/summit.legrandcontinent.eu\/wp-content\/uploads\/2023\/12\/image-sommet-1.png\",\"datePublished\":\"2023-12-07T19:19:29+00:00\",\"dateModified\":\"2023-12-18T22:05:12+00:00\",\"breadcrumb\":{\"@id\":\"https:\/\/summit.legrandcontinent.eu\/it\/about\/#breadcrumb\"},\"inLanguage\":\"it-IT\",\"potentialAction\":[{\"@type\":\"ReadAction\",\"target\":[\"https:\/\/summit.legrandcontinent.eu\/it\/about\/\"]}]},{\"@type\":\"ImageObject\",\"inLanguage\":\"it-IT\",\"@id\":\"https:\/\/summit.legrandcontinent.eu\/it\/about\/#primaryimage\",\"url\":\"https:\/\/summit.legrandcontinent.eu\/wp-content\/uploads\/2023\/12\/image-sommet-1.png\",\"contentUrl\":\"https:\/\/summit.legrandcontinent.eu\/wp-content\/uploads\/2023\/12\/image-sommet-1.png\",\"width\":4076,\"height\":2280},{\"@type\":\"BreadcrumbList\",\"@id\":\"https:\/\/summit.legrandcontinent.eu\/it\/about\/#breadcrumb\",\"itemListElement\":[{\"@type\":\"ListItem\",\"position\":1,\"name\":\"Home\",\"item\":\"https:\/\/summit.legrandcontinent.eu\/it\/\"},{\"@type\":\"ListItem\",\"position\":2,\"name\":\"About\"}]},{\"@type\":\"WebSite\",\"@id\":\"https:\/\/summit.legrandcontinent.eu\/#website\",\"url\":\"https:\/\/summit.legrandcontinent.eu\/\",\"name\":\"Summit Le Grand Continent\",\"description\":\"\",\"potentialAction\":[{\"@type\":\"SearchAction\",\"target\":{\"@type\":\"EntryPoint\",\"urlTemplate\":\"https:\/\/summit.legrandcontinent.eu\/?s={search_term_string}\"},\"query-input\":{\"@type\":\"PropertyValueSpecification\",\"valueRequired\":true,\"valueName\":\"search_term_string\"}}],\"inLanguage\":\"it-IT\"}]}<\/script>\n<!-- \/ Yoast SEO plugin. -->","yoast_head_json":{"title":"About - Summit Le Grand Continent","robots":{"index":"index","follow":"follow","max-snippet":"max-snippet:-1","max-image-preview":"max-image-preview:large","max-video-preview":"max-video-preview:-1"},"canonical":"https:\/\/summit.legrandcontinent.eu\/it\/about\/","og_locale":"it_IT","og_type":"article","og_title":"About - Summit Le Grand Continent","og_url":"https:\/\/summit.legrandcontinent.eu\/it\/about\/","og_site_name":"Summit Le Grand Continent","article_modified_time":"2023-12-18T22:05:12+00:00","og_image":[{"width":1024,"height":573,"url":"https:\/\/summit.legrandcontinent.eu\/wp-content\/uploads\/2023\/12\/image-sommet-1-1024x573.png","type":"image\/png"}],"twitter_card":"summary_large_image","schema":{"@context":"https:\/\/schema.org","@graph":[{"@type":"WebPage","@id":"https:\/\/summit.legrandcontinent.eu\/it\/about\/","url":"https:\/\/summit.legrandcontinent.eu\/it\/about\/","name":"About - Summit Le Grand Continent","isPartOf":{"@id":"https:\/\/summit.legrandcontinent.eu\/#website"},"primaryImageOfPage":{"@id":"https:\/\/summit.legrandcontinent.eu\/it\/about\/#primaryimage"},"image":{"@id":"https:\/\/summit.legrandcontinent.eu\/it\/about\/#primaryimage"},"thumbnailUrl":"https:\/\/summit.legrandcontinent.eu\/wp-content\/uploads\/2023\/12\/image-sommet-1.png","datePublished":"2023-12-07T19:19:29+00:00","dateModified":"2023-12-18T22:05:12+00:00","breadcrumb":{"@id":"https:\/\/summit.legrandcontinent.eu\/it\/about\/#breadcrumb"},"inLanguage":"it-IT","potentialAction":[{"@type":"ReadAction","target":["https:\/\/summit.legrandcontinent.eu\/it\/about\/"]}]},{"@type":"ImageObject","inLanguage":"it-IT","@id":"https:\/\/summit.legrandcontinent.eu\/it\/about\/#primaryimage","url":"https:\/\/summit.legrandcontinent.eu\/wp-content\/uploads\/2023\/12\/image-sommet-1.png","contentUrl":"https:\/\/summit.legrandcontinent.eu\/wp-content\/uploads\/2023\/12\/image-sommet-1.png","width":4076,"height":2280},{"@type":"BreadcrumbList","@id":"https:\/\/summit.legrandcontinent.eu\/it\/about\/#breadcrumb","itemListElement":[{"@type":"ListItem","position":1,"name":"Home","item":"https:\/\/summit.legrandcontinent.eu\/it\/"},{"@type":"ListItem","position":2,"name":"About"}]},{"@type":"WebSite","@id":"https:\/\/summit.legrandcontinent.eu\/#website","url":"https:\/\/summit.legrandcontinent.eu\/","name":"Summit Le Grand Continent","description":"","potentialAction":[{"@type":"SearchAction","target":{"@type":"EntryPoint","urlTemplate":"https:\/\/summit.legrandcontinent.eu\/?s={search_term_string}"},"query-input":{"@type":"PropertyValueSpecification","valueRequired":true,"valueName":"search_term_string"}}],"inLanguage":"it-IT"}]}},"_links":{"self":[{"href":"https:\/\/summit.legrandcontinent.eu\/it\/wp-json\/wp\/v2\/pages\/34","targetHints":{"allow":["GET"]}}],"collection":[{"href":"https:\/\/summit.legrandcontinent.eu\/it\/wp-json\/wp\/v2\/pages"}],"about":[{"href":"https:\/\/summit.legrandcontinent.eu\/it\/wp-json\/wp\/v2\/types\/page"}],"author":[{"embeddable":true,"href":"https:\/\/summit.legrandcontinent.eu\/it\/wp-json\/wp\/v2\/users\/2"}],"replies":[{"embeddable":true,"href":"https:\/\/summit.legrandcontinent.eu\/it\/wp-json\/wp\/v2\/comments?post=34"}],"version-history":[{"count":6,"href":"https:\/\/summit.legrandcontinent.eu\/it\/wp-json\/wp\/v2\/pages\/34\/revisions"}],"predecessor-version":[{"id":326,"href":"https:\/\/summit.legrandcontinent.eu\/it\/wp-json\/wp\/v2\/pages\/34\/revisions\/326"}],"wp:featuredmedia":[{"embeddable":true,"href":"https:\/\/summit.legrandcontinent.eu\/it\/wp-json\/wp\/v2\/media\/106"}],"wp:attachment":[{"href":"https:\/\/summit.legrandcontinent.eu\/it\/wp-json\/wp\/v2\/media?parent=34"}],"curies":[{"name":"wp","href":"https:\/\/api.w.org\/{rel}","templated":true}]}}